{"id":6,"date":"2020-12-10T23:02:29","date_gmt":"2020-12-10T23:02:29","guid":{"rendered":"https:\/\/pluschargo.com\/?page_id=6"},"modified":"2023-03-20T23:06:49","modified_gmt":"2023-03-20T23:06:49","slug":"politica-de-privacidad","status":"publish","type":"page","link":"https:\/\/motor.elfotograma.com\/en\/politica-de-privacidad\/","title":{"rendered":"Politica de Privacidad"},"content":{"rendered":"\n<p><strong>IMPORTANTE: Puedes eliminar toda la informaci\u00f3n que creas pertinente de los servidores de Google a trav\u00e9s de la web: https:\/\/myactivity.google.com\/myactivity<\/strong><\/p>\n\n\n\n<p>En&nbsp;<strong>cumplimiento con el nuevo Reglamento General de Protecci\u00f3n de Datos<\/strong>&nbsp;(RGPD) en vigor desde el 25 de mayo de 2018 y con lo dispuesto en el art\u00edculo 22.2 de la Ley 34\/2002, de 11 de julio, de Servicios de la Sociedad de la Informaci\u00f3n y de Comercio Electr\u00f3nico, laboraprevencion.com (en adelante&nbsp;<strong>\u2018esta web\u2019<\/strong>) informa, en esta secci\u00f3n, de la pol\u00edtica de privacidad y tratamiento de los datos recogidos.<\/p>\n\n\n\n<p>Al entrar en esta web ya has sido informado sobre la utilizaci\u00f3n de las cookies a trav\u00e9s de un aviso o alerta. Si has hecho clic en aceptar o has seguido navegando, has aceptado la instalaci\u00f3n de estas cookies.<\/p>\n\n\n\n<h3 class=\"wp-block-heading\">\u00bfQU\u00c9 SON LAS COOKIES?<\/h3>\n\n\n\n<p>Una cookie es un fichero que se descarga en tu ordenador o equipo al acceder a determinadas p\u00e1ginas web. Las cookies permiten a una p\u00e1gina web, entre otras cosas, almacenar y recuperar informaci\u00f3n sobre los h\u00e1bitos de navegaci\u00f3n del usuario o de su equipo y, dependiendo de la informaci\u00f3n que contengan y de la forma en que utilice tu equipo, pueden utilizarse para reconocer al usuario.<\/p>\n\n\n\n<h3 class=\"wp-block-heading\">\u00bfQU\u00e9 TIPOS DE COOKIES UTILIZA ESTA P\u00c1GINA WEB?<\/h3>\n\n\n\n<p>Siguiendo las directrices de la Agencia Espa\u00f1ola de Protecci\u00f3n de Datos procedemos a detallar el uso de&nbsp;<em>cookies<\/em>&nbsp;que hace esta web con el fin de informarle con la m\u00e1xima exactitud posible.<\/p>\n\n\n\n<p><strong>esta web<\/strong>&nbsp;utiliza los siguientes tipos de cookies<\/p>\n\n\n\n<h4 class=\"wp-block-heading\"><strong>Cookies propias:<\/strong><\/h4>\n\n\n\n<p>Cookies de sesi\u00f3n, para garantizar que los usuarios que escriban comentarios en el blog sean humanos y no aplicaciones automatizadas. De esta forma se combate el&nbsp;<em>spam<\/em>.<\/p>\n\n\n\n<h4 class=\"wp-block-heading\"><strong>Cookies de terceros:<\/strong><\/h4>\n\n\n\n<p><strong>Cookies de an\u00e1lisis:<\/strong>&nbsp;Son recabadas \u00fanicamente por terceros (google Analytics), nos permiten cuantificar el n\u00famero de usuarios y as\u00ed realizar la medici\u00f3n y an\u00e1lisis estad\u00edstico de la utilizaci\u00f3n que hacen los usuarios del servicio ofertado. Para ello se analiza su navegaci\u00f3n en nuestra p\u00e1gina web con el fin de mejorar la oferta de productos o servicios que te ofrecemos.<\/p>\n\n\n\n<p><strong>Cookies de personalizaci\u00f3n (servicio pendiente de implementar)<\/strong>: Son aquellas que permiten al Usuario acceder al servicio con algunas caracter\u00edsticas de car\u00e1cter general predefinidas en funci\u00f3n de una serie de criterios en el terminal del usuario como por ejemplo serian el idioma o el tipo de navegador a trav\u00e9s del cual se conecta al servicio.<\/p>\n\n\n\n<p><strong>Cookies publicitarias<\/strong>: Utilizamos Google Adsense, un servicio que analizando este tipo de cookies, permite gestionar de la forma m\u00e1s eficaz posible la oferta de los espacios publicitarios que hay en la p\u00e1gina web, adecuando el contenido del anuncio al contenido del servicio solicitado o al uso que realices de nuestra p\u00e1gina web. Para ello podemos analizar tus h\u00e1bitos de navegaci\u00f3n en Internet y podemos mostrarte publicidad relacionada con tu perfil de navegaci\u00f3n.<\/p>\n\n\n\n<p><strong>Cookies de redes sociales:<\/strong>&nbsp;Cada red social utiliza sus propias&nbsp;<em>cookies<\/em>&nbsp;para que usted pueda pinchar en botones del tipo&nbsp;<em>Me gusta<\/em>&nbsp;o&nbsp;<em>Compartir<\/em>. As\u00ed como en comentarios de facebook integrados en algunos de nuestros art\u00edculos.<\/p>\n\n\n\n<p><strong>Cookies de afiliaci\u00f3n:<\/strong>&nbsp;Estas cookies las adquieres cuando clicas en uno de nuestros productos externalizados en Amazon. De esta forma Amazon sabe que est\u00e1 vendiendo un producto desde nuestra p\u00e1gina y nos da una comisi\u00f3n. No te preocupes, los precios de Amazon no se ven alterados por haber llegado desde nuestra p\u00e1gina o directamente, el precio que t\u00fa pagas es el mismo. Si quieres m\u00e1s informaci\u00f3n visita el enlace al Programa de afiliados que hay en la parte inferior de las webs de Amazon.<\/p>\n\n\n\n<h3 class=\"wp-block-heading\">Res\u00famen<\/h3>\n\n\n\n<p>Utilizamos las cookies \u00fanicamente para Google Analytics, Google Adsense, productos externalizados de Amazon, redes sociales y antispam.<\/p>\n\n\n\n<h2 class=\"wp-block-heading\">Desactivaci\u00f3n o eliminaci\u00f3n de cookies<\/h2>\n\n\n\n<p>En cualquier momento podr\u00e1 ejercer su derecho de desactivaci\u00f3n o eliminaci\u00f3n de cookies de este sitio web. Estas acciones se realizan de forma diferente en funci\u00f3n del navegador que est\u00e9 usando.<\/p>\n\n\n\n<h2 class=\"wp-block-heading\">esta web NO recoje informaci\u00f3n de los usuarios<\/h2>\n\n\n\n<p>En esta web no recogemos informaci\u00f3n de los usuarios, toda la posible informaci\u00f3n es tratada por servicios de terceros mediante cookies (ve\u00e1se pol\u00edtica de cookies).<\/p>\n\n\n\n<p>En&nbsp;<strong>cumplimiento con el nuevo Reglamento General de Protecci\u00f3n de Datos<\/strong>&nbsp;(RGPD) en vigor desde el 25 de mayo de 2018 y con lo dispuesto en el art\u00edculo 22.2 de la Ley 34\/2002, de 11 de julio, de Servicios de la Sociedad de la Informaci\u00f3n y de Comercio Electr\u00f3nico, esta web informa, en esta secci\u00f3n, de la pol\u00edtica de privacidad y tratamiento de los datos recogidos.<\/p>\n\n\n\n<p>La \u00fanica forma de que en esta web se reciba informaci\u00f3n del usuario es por medio del env\u00edo, por parte de este mismo usuario, de una comunicaci\u00f3n v\u00eda mail a nuestra direcci\u00f3n de contacto.<\/p>\n\n\n\n<p>En ning\u00fan supuesto esta web pretende recabar informaci\u00f3n de los usuarios de esta web.<\/p>\n\n\n\n<p>NOTA ADICIONAL: Esta web utiliza la plataforma de blogging TSA.plus, no nos hacemos responsables de la informaci\u00f3n que \u00e9sta pueda obtener mediante la gesti\u00f3n del servidor. Para m\u00e1s informaci\u00f3n, visiten https:\/\/tsa.plus.<\/p>\n\n\n\n<h2 class=\"wp-block-heading\">Notas adicionales<\/h2>\n\n\n\n<ul class=\"wp-block-list\">\n<li>Ni esta web ni sus representantes legales se hacen responsables ni del contenido ni de la veracidad de las pol\u00edticas de privacidad que puedan tener los terceros mencionados en esta pol\u00edtica de&nbsp;<em>cookies<\/em>.<\/li>\n\n\n\n<li>Los navegadores web son las herramientas encargadas de almacenar las&nbsp;<em>cookies<\/em>&nbsp;y desde este lugar debe efectuar su derecho a eliminaci\u00f3n o desactivaci\u00f3n de las mismas. Ni esta web ni sus representantes legales pueden garantizar la correcta o incorrecta manipulaci\u00f3n de las&nbsp;<em>cookies<\/em>&nbsp;por parte de los mencionados navegadores.<\/li>\n\n\n\n<li>En algunos casos es necesario instalar&nbsp;<em>cookies<\/em>&nbsp;para que el navegador no olvide su decisi\u00f3n de no aceptaci\u00f3n de las mismas.<\/li>\n\n\n\n<li>En el caso de las&nbsp;<em>cookies<\/em>&nbsp;de Google Analytics, esta empresa almacena las&nbsp;<em>cookies<\/em>&nbsp;en servidores ubicados en Estados Unidos y se compromete a no compartirla con terceros, excepto en los casos en los que sea necesario para el funcionamiento del sistema o cuando la ley obligue a tal efecto. Seg\u00fan Google no guarda su direcci\u00f3n IP. Google Inc. es una compa\u00f1\u00eda adherida al Acuerdo de Puerto Seguro que garantiza que todos los datos transferidos ser\u00e1n tratados con un nivel de protecci\u00f3n acorde a la normativa europea.<\/li>\n<\/ul>\n\n\n\n<p><\/p>\n","protected":false},"excerpt":{"rendered":"<p>IMPORTANTE: Puedes eliminar toda la informaci\u00f3n que creas pertinente de los servidores de Google a trav\u00e9s de la web: https:\/\/myactivity.google.com\/myactivity En&nbsp;cumplimiento con el nuevo Reg","protected":false},"author":1,"featured_media":0,"parent":0,"menu_order":0,"comment_status":"closed","ping_status":"closed","template":"","meta":{"footnotes":""},"class_list":["post-6","page","type-page","status-publish","hentry"],"_links":{"self":[{"href":"https:\/\/motor.elfotograma.com\/en\/wp-json\/wp\/v2\/pages\/6","targetHints":{"allow":["GET"]}}],"collection":[{"href":"https:\/\/motor.elfotograma.com\/en\/wp-json\/wp\/v2\/pages"}],"about":[{"href":"https:\/\/motor.elfotograma.com\/en\/wp-json\/wp\/v2\/types\/page"}],"author":[{"embeddable":true,"href":"https:\/\/motor.elfotograma.com\/en\/wp-json\/wp\/v2\/users\/1"}],"replies":[{"embeddable":true,"href":"https:\/\/motor.elfotograma.com\/en\/wp-json\/wp\/v2\/comments?post=6"}],"version-history":[{"count":2,"href":"https:\/\/motor.elfotograma.com\/en\/wp-json\/wp\/v2\/pages\/6\/revisions"}],"predecessor-version":[{"id":602,"href":"https:\/\/motor.elfotograma.com\/en\/wp-json\/wp\/v2\/pages\/6\/revisions\/602"}],"wp:attachment":[{"href":"https:\/\/motor.elfotograma.com\/en\/wp-json\/wp\/v2\/media?parent=6"}],"curies":[{"name":"wp","href":"https:\/\/api.w.org\/{rel}","templated":true}]}}